{"id":3,"date":"2026-03-31T15:56:50","date_gmt":"2026-03-31T15:56:50","guid":{"rendered":"https:\/\/mispeptidosec.com\/?page_id=3"},"modified":"2026-04-13T14:23:38","modified_gmt":"2026-04-13T19:23:38","slug":"privacy-policy","status":"publish","type":"page","link":"https:\/\/mispeptidosec.com\/?page_id=3","title":{"rendered":"Privacy Policy"},"content":{"rendered":"\n<h2 class=\"wp-block-heading\">Qui\u00e9nes somos<\/h2>\n\n\n\n<p>La direcci\u00f3n de nuestro sitio web es: https:\/\/mispeptidosec.com.<\/p>\n\n\n\n<h2 class=\"wp-block-heading\">Comentarios<\/h2>\n\n\n\n<p>Cuando los visitantes dejan comentarios en el sitio, recopilamos los datos que se muestran en el formulario de comentarios, as\u00ed como la direcci\u00f3n IP del visitante y la cadena de agente de usuario del navegador para ayudar a la detecci\u00f3n de spam.<\/p>\n\n\n\n<p>Una cadena anonimizada creada a partir de su direcci\u00f3n de correo electr\u00f3nico (tambi\u00e9n llamada hash) puede ser proporcionada al servicio de Gravatar para verificar si lo est\u00e1 utilizando. La pol\u00edtica de privacidad del servicio Gravatar est\u00e1 disponible aqu\u00ed: <a href=\"https:\/\/automattic.com\/privacy\/\">https:\/\/automattic.com\/privacy\/<\/a>. Una vez aprobado su comentario, su imagen de perfil ser\u00e1 visible p\u00fablicamente en el contexto del mismo.<\/p>\n\n\n\n<h2 class=\"wp-block-heading\">Medios<\/h2>\n\n\n\n<p>Si sube im\u00e1genes al sitio web, debe evitar cargar im\u00e1genes con datos de ubicaci\u00f3n incrustados (EXIF GPS). Los visitantes del sitio web pueden descargar y extraer cualquier dato de ubicaci\u00f3n de las im\u00e1genes publicadas.<\/p>\n\n\n\n<h2 class=\"wp-block-heading\">Cookies<\/h2>\n\n\n\n<p>Si deja un comentario en nuestro sitio, puede optar por guardar su nombre, direcci\u00f3n de correo electr\u00f3nico y sitio web en cookies. Esto es para su comodidad, para que no tenga que volver a completar sus datos cuando deje otro comentario. Estas cookies tendr\u00e1n una duraci\u00f3n de un a\u00f1o.<\/p>\n\n\n\n<p>Si visita nuestra p\u00e1gina de inicio de sesi\u00f3n, se establecer\u00e1 una cookie temporal para determinar si su navegador acepta cookies. Esta cookie no contiene datos personales y se elimina al cerrar el navegador.<\/p>\n\n\n\n<p>Cuando inicia sesi\u00f3n, tambi\u00e9n se configuran varias cookies para guardar su informaci\u00f3n de acceso y sus preferencias de visualizaci\u00f3n en pantalla. Las cookies de inicio de sesi\u00f3n duran dos d\u00edas, y las cookies de opciones de pantalla duran un a\u00f1o. Si selecciona \u201cRecordarme\u201d, su sesi\u00f3n permanecer\u00e1 activa durante dos semanas. Al cerrar sesi\u00f3n, las cookies de inicio de sesi\u00f3n ser\u00e1n eliminadas.<\/p>\n\n\n\n<p>Si edita o publica un art\u00edculo, se guardar\u00e1 una cookie adicional en su navegador. Esta cookie no contiene datos personales y simplemente indica el ID del contenido que acaba de editar. Expira despu\u00e9s de un d\u00eda.<\/p>\n\n\n\n<h2 class=\"wp-block-heading\">Contenido incrustado de otros sitios web<\/h2>\n\n\n\n<p>Los art\u00edculos de este sitio pueden incluir contenido incrustado (por ejemplo, videos, im\u00e1genes, art\u00edculos, etc.). El contenido incrustado de otros sitios web se comporta exactamente de la misma manera que si el visitante hubiera accedido directamente a ese sitio web externo.<\/p>\n\n\n\n<p>Estos sitios pueden recopilar datos sobre usted, utilizar cookies, incorporar seguimiento adicional de terceros y supervisar su interacci\u00f3n con dicho contenido, incluido el seguimiento si usted tiene una cuenta y ha iniciado sesi\u00f3n en ese sitio web.<\/p>\n\n\n\n<h2 class=\"wp-block-heading\">Con qui\u00e9n compartimos sus datos<\/h2>\n\n\n\n<p>Si solicita un restablecimiento de contrase\u00f1a, su direcci\u00f3n IP ser\u00e1 incluida en el correo electr\u00f3nico de restablecimiento.<\/p>\n\n\n\n<h2 class=\"wp-block-heading\">Cu\u00e1nto tiempo conservamos sus datos<\/h2>\n\n\n\n<p>Si deja un comentario, este y sus metadatos se conservan indefinidamente. Esto nos permite reconocer y aprobar autom\u00e1ticamente comentarios posteriores en lugar de mantenerlos en una cola de moderaci\u00f3n.<\/p>\n\n\n\n<p>Para los usuarios que se registran en nuestro sitio web (si los hay), tambi\u00e9n almacenamos la informaci\u00f3n personal que proporcionan en su perfil de usuario. Todos los usuarios pueden ver, editar o eliminar su informaci\u00f3n personal en cualquier momento (excepto que no pueden cambiar su nombre de usuario). Los administradores del sitio web tambi\u00e9n pueden ver y editar dicha informaci\u00f3n.<\/p>\n\n\n\n<h2 class=\"wp-block-heading\">Qu\u00e9 derechos tiene sobre sus datos<\/h2>\n\n\n\n<p>Si tiene una cuenta en este sitio o ha dejado comentarios, puede solicitar recibir un archivo exportado de los datos personales que tenemos sobre usted, incluidos los datos que nos haya proporcionado. Tambi\u00e9n puede solicitar la eliminaci\u00f3n de cualquier dato personal que tengamos sobre usted. Esto no incluye los datos que estamos obligados a conservar por motivos administrativos, legales o de seguridad.<\/p>\n\n\n\n<h2 class=\"wp-block-heading\">D\u00f3nde se env\u00edan sus datos<\/h2>\n\n\n\n<p>Los comentarios de los visitantes pueden ser verificados mediante un servicio automatizado de detecci\u00f3n de spam.<\/p>\n","protected":false},"excerpt":{"rendered":"<p>Qui\u00e9nes somos La direcci\u00f3n de nuestro sitio web es: https:\/\/mispeptidosec.com. Comentarios Cuando los visitantes dejan comentarios en el sitio, recopilamos los datos que se muestran en el formulario de comentarios, as\u00ed como la direcci\u00f3n IP del visitante y la cadena de agente de usuario del navegador para ayudar a la detecci\u00f3n de spam. Una cadena [&hellip;]<\/p>\n","protected":false},"author":1,"featured_media":0,"parent":0,"menu_order":0,"comment_status":"closed","ping_status":"open","template":"","meta":{"rs_blank_template":"","rs_page_bg_color":"","slide_template_v7":"","footnotes":""},"class_list":["post-3","page","type-page","status-publish","hentry"],"aioseo_notices":[],"jetpack_sharing_enabled":true,"_links":{"self":[{"href":"https:\/\/mispeptidosec.com\/index.php?rest_route=\/wp\/v2\/pages\/3","targetHints":{"allow":["GET"]}}],"collection":[{"href":"https:\/\/mispeptidosec.com\/index.php?rest_route=\/wp\/v2\/pages"}],"about":[{"href":"https:\/\/mispeptidosec.com\/index.php?rest_route=\/wp\/v2\/types\/page"}],"author":[{"embeddable":true,"href":"https:\/\/mispeptidosec.com\/index.php?rest_route=\/wp\/v2\/users\/1"}],"replies":[{"embeddable":true,"href":"https:\/\/mispeptidosec.com\/index.php?rest_route=%2Fwp%2Fv2%2Fcomments&post=3"}],"version-history":[{"count":2,"href":"https:\/\/mispeptidosec.com\/index.php?rest_route=\/wp\/v2\/pages\/3\/revisions"}],"predecessor-version":[{"id":1875,"href":"https:\/\/mispeptidosec.com\/index.php?rest_route=\/wp\/v2\/pages\/3\/revisions\/1875"}],"wp:attachment":[{"href":"https:\/\/mispeptidosec.com\/index.php?rest_route=%2Fwp%2Fv2%2Fmedia&parent=3"}],"curies":[{"name":"wp","href":"https:\/\/api.w.org\/{rel}","templated":true}]}}